{"id":164,"date":"2025-10-24T11:56:51","date_gmt":"2025-10-24T11:56:51","guid":{"rendered":"https:\/\/peaceful-snyder.152-228-218-114.plesk.page\/?page_id=164"},"modified":"2025-10-30T16:16:50","modified_gmt":"2025-10-30T16:16:50","slug":"lentreprise","status":"publish","type":"page","link":"https:\/\/peaceful-snyder.152-228-218-114.plesk.page\/index.php\/lentreprise\/","title":{"rendered":"L&rsquo;entreprise"},"content":{"rendered":"<div data-colibri-id=\"164-c1\" class=\"style-773 style-local-164-c1 position-relative\">\n  <!---->\n  <div data-colibri-component=\"section\" data-colibri-id=\"164-c2\" id=\"custom\" class=\"h-section h-section-global-spacing d-flex align-items-lg-center align-items-md-center align-items-center style-774 style-local-164-c2 position-relative\">\n    <!---->\n    <!---->\n    <div class=\"h-section-grid-container h-section-boxed-container\">\n      <!---->\n      <div data-colibri-id=\"164-c3\" class=\"h-row-container gutters-row-lg-2 gutters-row-md-2 gutters-row-0 gutters-row-v-lg-2 gutters-row-v-md-2 gutters-row-v-2 style-775 style-local-164-c3 position-relative\">\n        <!---->\n        <div class=\"h-row justify-content-lg-center justify-content-md-center justify-content-center align-items-lg-stretch align-items-md-stretch align-items-stretch gutters-col-lg-2 gutters-col-md-2 gutters-col-0 gutters-col-v-lg-2 gutters-col-v-md-2 gutters-col-v-2\">\n          <!---->\n          <div class=\"h-column h-column-container d-flex h-col-lg-auto h-col-md-auto h-col-auto style-776-outer style-local-164-c4-outer\">\n            <div data-colibri-id=\"164-c4\" class=\"d-flex h-flex-basis h-column__inner h-px-lg-2 h-px-md-2 h-px-2 v-inner-lg-2 v-inner-md-2 v-inner-2 style-776 style-local-164-c4 position-relative\">\n              <!---->\n              <!---->\n              <div class=\"w-100 h-y-container h-column__content h-column__v-align flex-basis-100 align-self-lg-start align-self-md-start align-self-start\">\n                <!---->\n                <div data-colibri-id=\"164-c5\" class=\"h-text h-text-component style-777 style-local-164-c5 position-relative h-element\">\n                  <!---->\n                  <!---->\n                  <div class=\"\">\n                    <p>La <strong>Menuiserie STRAUB<\/strong> est une entreprise implant\u00e9e \u00e0 Wintzenheim pr\u00e8s de Colmar (68 Haut Rhin) depuis 5 g\u00e9n\u00e9rations o\u00f9 l\u2019amour du travail du bois se transmet de p\u00e8re en fils.<\/p>\n                    <p>Depuis 1992, Claude a repris le flambeau et perp\u00e9tue l\u2019histoire de l\u2019entreprise familiale avec l\u2019aide de son \u00e9pouse Cathy et de leur fils Maxime qui les a rejoint en 2018.<\/p>\n                    <p>Notre activit\u00e9 est en perp\u00e9tuelle \u00e9volution dans le domaine de la menuiserie. Nous disposons d\u2019un savoir faire et d\u2019une exp\u00e9rience dans le domaine de l\u2019escalier et de la menuiserie int\u00e9rieur bois.<\/p>\n                    <p>Toutes nos menuiseries et escaliers sont faits sur mesure et fabriqu\u00e9s dans notre atelier et pos\u00e9s par notre \u00e9quipe.<\/p>\n                    <p><strong>Nous vous accompagnons dans toutes les \u00e9tapes :<\/strong><\/p>\n                    <ul>\n                      <li>Le <strong>Conseil <\/strong>: choix de l\u2019emplacement id\u00e9al, les dimensions, le bois\u2026..<\/li>\n                      <li>La <strong>Pr\u00e9sentation de nos r\u00e9alisations <\/strong>: pour l\u2019inspiration.<\/li>\n                      <li>La <strong>Fabrication<\/strong> : apr\u00e8s accord de notre proposition, nous r\u00e9alisons votre projet dans notre atelier \u00e0 Wintzenheim.<\/li>\n                      <li>La <strong>Finition <\/strong>: Teintes \u00e0 la couleur de votre choix, Vernis incolore satin\u00e9 ou mat, Huile-cire incolore ou color\u00e9e, Laque suivant RAL au choix, ou bien encore une finition bross\u00e9 pour un aspect rustique (ch\u00eane).<\/li>\n                    <\/ul>\n                    <p>Les produits que nous utilisons sont respectueux de l\u2019environnement.<\/p>\n                  <\/div>\n                <\/div>\n              <\/div>\n            <\/div>\n          <\/div>\n        <\/div>\n      <\/div>\n    <\/div>\n  <\/div>\n  <div data-colibri-component=\"section\" data-colibri-id=\"164-c6\" id=\"photo-gallery\" class=\"h-section h-section-global-spacing d-flex align-items-lg-center align-items-md-center align-items-center style-778 style-local-164-c6 position-relative\">\n    <!---->\n    <!---->\n    <div class=\"h-section-grid-container h-section-boxed-container\">\n      <div data-colibri-id=\"164-c10\" class=\"h-row-container gutters-row-lg-2 gutters-row-md-2 gutters-row-2 gutters-row-v-lg-2 gutters-row-v-md-2 gutters-row-v-2 style-782 style-local-164-c10 position-relative\">\n        <!---->\n        <div class=\"h-row justify-content-lg-center justify-content-md-center justify-content-center align-items-lg-stretch align-items-md-stretch align-items-stretch gutters-col-lg-2 gutters-col-md-2 gutters-col-2 gutters-col-v-lg-2 gutters-col-v-md-2 gutters-col-v-2\">\n          <!---->\n          <div class=\"h-column h-column-container d-flex h-col-lg-auto h-col-md-auto h-col-auto style-783-outer style-local-164-c11-outer\">\n            <div data-colibri-id=\"164-c11\" class=\"d-flex h-flex-basis h-column__inner h-px-lg-2 h-px-md-2 h-px-2 v-inner-lg-2 v-inner-md-2 v-inner-2 style-783 style-local-164-c11 position-relative\">\n              <!---->\n              <!---->\n              <div class=\"w-100 h-y-container h-column__content h-column__v-align flex-basis-100 align-self-lg-start align-self-md-start align-self-start\">\n                <!---->\n                <div data-colibri-id=\"164-c12\" class=\"h-global-transition-all h-heading style-784 style-local-164-c12 position-relative h-element\">\n                  <!---->\n                  <div class=\"h-heading__outer style-784 style-local-164-c12\">\n                    <!---->\n                    <!---->\n                    <h2 class=\"\">Les bois propos\u00e9s<\/h2>\n                  <\/div>\n                <\/div>\n              <\/div>\n            <\/div>\n          <\/div>\n        <\/div>\n      <\/div>\n      <div data-colibri-id=\"164-c7\" class=\"h-row-container gutters-row-lg-2 gutters-row-md-2 gutters-row-0 gutters-row-v-lg-2 gutters-row-v-md-2 gutters-row-v-2 style-779 style-local-164-c7 position-relative\">\n        <!---->\n        <div class=\"h-row justify-content-lg-center justify-content-md-center justify-content-center align-items-lg-stretch align-items-md-stretch align-items-stretch gutters-col-lg-2 gutters-col-md-2 gutters-col-0 gutters-col-v-lg-2 gutters-col-v-md-2 gutters-col-v-2\">\n          <!---->\n          <div class=\"h-column h-column-container d-flex h-col-lg-auto h-col-md-auto h-col-auto style-780-outer style-local-164-c8-outer\">\n            <div data-colibri-id=\"164-c8\" class=\"d-flex h-flex-basis h-column__inner h-px-lg-2 h-px-md-2 h-px-2 v-inner-lg-2 v-inner-md-2 v-inner-2 style-780 style-local-164-c8 position-relative\">\n              <!---->\n              <!---->\n              <div class=\"w-100 h-y-container h-column__content h-column__v-align flex-basis-100 align-self-lg-start align-self-md-start align-self-start\">\n                <!---->\n                <div data-colibri-component=\"\" data-colibri-id=\"164-c9\" class=\"h-photo-gallery margin-none caption-displayTrue caption-vertical-align-top style-781 style-local-164-c9 position-relative h-element\">\n                  <!---->\n                  <div class=\"h-global-transition-all\"><div id='colibri-164-c9' class='gallery-wrapper'>    <style type=\"text\/css\">\n\n        @media (min-width: 1023px) {        #colibri-164-c9        dl {\n            float: left;\n            width: 20% !important;\n            max-width: 20% !important;\n            min-width: 20% !important;\n        }\n\n        #colibri-164-c9        dl:nth-of-type(5n +1 ) {\n            clear: both;\n        }\n\n        }@media (min-width: 768px) and (max-width: 1023px) {        #colibri-164-c9        dl {\n            float: left;\n            width: 25% !important;\n            max-width: 25% !important;\n            min-width: 25% !important;\n        }\n\n        #colibri-164-c9        dl:nth-of-type(4n +1 ) {\n            clear: both;\n        }\n\n        }@media (max-width: 767px) {        #colibri-164-c9        dl {\n            float: left;\n            width: 50% !important;\n            max-width: 50% !important;\n            min-width: 50% !important;\n        }\n\n        #colibri-164-c9        dl:nth-of-type(2n +1 ) {\n            clear: both;\n        }\n\n        }\n        #colibri-164-c9        .gallery-item {\n            position: relative;\n        }\n\n        \n    <\/style>\n    <div   class='colibri-164-c9-dls-wrapper gallery-items-wrapper' ><dl class='gallery-item masonry-item'>\n\t\t\t<dt class='gallery-icon landscape'>\n\t\t\t\t<a data-fancybox=\"colibri-164-c9-group\" href='https:\/\/peaceful-snyder.152-228-218-114.plesk.page\/wp-content\/uploads\/2025\/10\/echantillon-hetre.jpg'><img loading=\"lazy\" decoding=\"async\"  width=\"150\" height=\"150\" src=\"https:\/\/peaceful-snyder.152-228-218-114.plesk.page\/wp-content\/uploads\/2025\/10\/echantillon-hetre-150x150.jpg\"  class='colibri-164-c9-image' alt=\"\" aria-describedby=\"gallery-1-373\" \/><\/a>\n\t\t\t<\/dt>\n\t\t\t\t<div class=\"gallery-caption__wrapper\"><dd class='wp-caption-text gallery-caption' id='gallery-1-373'>\n\t\t\t\tH\u00eatre\n\t\t\t\t<\/dd><\/div><\/dl><dl class='gallery-item masonry-item'>\n\t\t\t<dt class='gallery-icon landscape'>\n\t\t\t\t<a data-fancybox=\"colibri-164-c9-group\" href='https:\/\/peaceful-snyder.152-228-218-114.plesk.page\/wp-content\/uploads\/2025\/10\/FRENE-OLIVIER.jpg'><img loading=\"lazy\" decoding=\"async\"  width=\"150\" height=\"150\" src=\"https:\/\/peaceful-snyder.152-228-218-114.plesk.page\/wp-content\/uploads\/2025\/10\/FRENE-OLIVIER-150x150.jpg\"  class='colibri-164-c9-image' alt=\"\" aria-describedby=\"gallery-1-374\" \/><\/a>\n\t\t\t<\/dt>\n\t\t\t\t<div class=\"gallery-caption__wrapper\"><dd class='wp-caption-text gallery-caption' id='gallery-1-374'>\n\t\t\t\tOlivier\n\t\t\t\t<\/dd><\/div><\/dl><dl class='gallery-item masonry-item'>\n\t\t\t<dt class='gallery-icon landscape'>\n\t\t\t\t<a data-fancybox=\"colibri-164-c9-group\" href='https:\/\/peaceful-snyder.152-228-218-114.plesk.page\/wp-content\/uploads\/2025\/10\/Frene-blanc.jpg'><img loading=\"lazy\" decoding=\"async\"  width=\"150\" height=\"150\" src=\"https:\/\/peaceful-snyder.152-228-218-114.plesk.page\/wp-content\/uploads\/2025\/10\/Frene-blanc-150x150.jpg\"  class='colibri-164-c9-image' alt=\"\" aria-describedby=\"gallery-1-375\" \/><\/a>\n\t\t\t<\/dt>\n\t\t\t\t<div class=\"gallery-caption__wrapper\"><dd class='wp-caption-text gallery-caption' id='gallery-1-375'>\n\t\t\t\tFr\u00eane blanc\n\t\t\t\t<\/dd><\/div><\/dl><dl class='gallery-item masonry-item'>\n\t\t\t<dt class='gallery-icon landscape'>\n\t\t\t\t<a data-fancybox=\"colibri-164-c9-group\" href='https:\/\/peaceful-snyder.152-228-218-114.plesk.page\/wp-content\/uploads\/2025\/10\/Echantillon-Chene.jpg'><img loading=\"lazy\" decoding=\"async\"  width=\"150\" height=\"150\" src=\"https:\/\/peaceful-snyder.152-228-218-114.plesk.page\/wp-content\/uploads\/2025\/10\/Echantillon-Chene-150x150.jpg\"  class='colibri-164-c9-image' alt=\"\" aria-describedby=\"gallery-1-376\" \/><\/a>\n\t\t\t<\/dt>\n\t\t\t\t<div class=\"gallery-caption__wrapper\"><dd class='wp-caption-text gallery-caption' id='gallery-1-376'>\n\t\t\t\tCh\u00eane\n\t\t\t\t<\/dd><\/div><\/dl><dl class='gallery-item masonry-item'>\n\t\t\t<dt class='gallery-icon landscape'>\n\t\t\t\t<a data-fancybox=\"colibri-164-c9-group\" href='https:\/\/peaceful-snyder.152-228-218-114.plesk.page\/wp-content\/uploads\/2025\/10\/Sapin.jpg'><img loading=\"lazy\" decoding=\"async\"  width=\"150\" height=\"150\" src=\"https:\/\/peaceful-snyder.152-228-218-114.plesk.page\/wp-content\/uploads\/2025\/10\/Sapin-150x150.jpg\"  class='colibri-164-c9-image' alt=\"\" aria-describedby=\"gallery-1-372\" \/><\/a>\n\t\t\t<\/dt>\n\t\t\t\t<div class=\"gallery-caption__wrapper\"><dd class='wp-caption-text gallery-caption' id='gallery-1-372'>\n\t\t\t\tSapin\n\t\t\t\t<\/dd><\/div><\/dl>\n\t\t\t\n\t\t<\/div>\n<style>#colibri-164-c9 .wp-caption-text.gallery-caption{display:none;}<\/style><\/div><\/div>\n                <\/div>\n              <\/div>\n            <\/div>\n          <\/div>\n        <\/div>\n      <\/div>\n    <\/div>\n  <\/div>\n<\/div>","protected":false},"excerpt":{"rendered":"<p>La Menuiserie STRAUB est une entreprise implant\u00e9e \u00e0 Wintzenheim pr\u00e8s de Colmar (68 Haut Rhin) depuis 5 g\u00e9n\u00e9rations o\u00f9 l\u2019amour du travail du bois se transmet de p\u00e8re en fils. Depuis 1992, Claude a repris le flambeau et perp\u00e9tue l\u2019histoire de l\u2019entreprise familiale avec l\u2019aide de son \u00e9pouse Cathy et de leur fils Maxime qui [&hellip;]<\/p>\n","protected":false},"author":1,"featured_media":0,"parent":0,"menu_order":0,"comment_status":"closed","ping_status":"closed","template":"page-templates\/full-width-page.php","meta":{"footnotes":""},"class_list":["post-164","page","type-page","status-publish","hentry"],"_links":{"self":[{"href":"https:\/\/peaceful-snyder.152-228-218-114.plesk.page\/index.php\/wp-json\/wp\/v2\/pages\/164","targetHints":{"allow":["GET"]}}],"collection":[{"href":"https:\/\/peaceful-snyder.152-228-218-114.plesk.page\/index.php\/wp-json\/wp\/v2\/pages"}],"about":[{"href":"https:\/\/peaceful-snyder.152-228-218-114.plesk.page\/index.php\/wp-json\/wp\/v2\/types\/page"}],"author":[{"embeddable":true,"href":"https:\/\/peaceful-snyder.152-228-218-114.plesk.page\/index.php\/wp-json\/wp\/v2\/users\/1"}],"replies":[{"embeddable":true,"href":"https:\/\/peaceful-snyder.152-228-218-114.plesk.page\/index.php\/wp-json\/wp\/v2\/comments?post=164"}],"version-history":[{"count":9,"href":"https:\/\/peaceful-snyder.152-228-218-114.plesk.page\/index.php\/wp-json\/wp\/v2\/pages\/164\/revisions"}],"predecessor-version":[{"id":510,"href":"https:\/\/peaceful-snyder.152-228-218-114.plesk.page\/index.php\/wp-json\/wp\/v2\/pages\/164\/revisions\/510"}],"wp:attachment":[{"href":"https:\/\/peaceful-snyder.152-228-218-114.plesk.page\/index.php\/wp-json\/wp\/v2\/media?parent=164"}],"curies":[{"name":"wp","href":"https:\/\/api.w.org\/{rel}","templated":true}]}}